{"id":2766,"date":"2019-03-12T16:28:24","date_gmt":"2019-03-12T16:28:24","guid":{"rendered":"https:\/\/www.clients.datlysolutions.com\/?page_id=2766"},"modified":"2019-06-19T05:34:28","modified_gmt":"2019-06-19T05:34:28","slug":"educo","status":"publish","type":"page","link":"https:\/\/tabernaculo.net\/store\/educo\/","title":{"rendered":"Yo Educo"},"content":{"rendered":"<p>[vc_row][vc_column][vc_column_text]<a href=\"https:\/\/www.clients.datlysolutions.com\/wp-content\/uploads\/2019\/03\/educo-imagen-1.jpg\"><img loading=\"lazy\" decoding=\"async\" class=\"aligncenter wp-image-2794 size-full\" src=\"https:\/\/www.clients.datlysolutions.com\/wp-content\/uploads\/2019\/03\/educo-imagen-1.jpg\" alt=\"\" width=\"1600\" height=\"900\" srcset=\"https:\/\/tabernaculo.net\/store\/wp-content\/uploads\/2019\/03\/educo-imagen-1.jpg 1600w, https:\/\/tabernaculo.net\/store\/wp-content\/uploads\/2019\/03\/educo-imagen-1-400x225.jpg 400w, https:\/\/tabernaculo.net\/store\/wp-content\/uploads\/2019\/03\/educo-imagen-1-300x169.jpg 300w, https:\/\/tabernaculo.net\/store\/wp-content\/uploads\/2019\/03\/educo-imagen-1-768x432.jpg 768w, https:\/\/tabernaculo.net\/store\/wp-content\/uploads\/2019\/03\/educo-imagen-1-1024x576.jpg 1024w\" sizes=\"auto, (max-width: 1600px) 100vw, 1600px\" \/><\/a>[\/vc_column_text][\/vc_column][\/vc_row][vc_row][vc_column][vc_cta h2=\u00bbCuando tu donas para el proyecto \u00abYO EDUCO\u00ab estas ayudando a estudiantes de escasos recursos a que puedan iniciar o continuar sus estudios.\u00bb add_button=\u00bbbottom\u00bb btn_title=\u00bbDonar\u00bb btn_shape=\u00bbsquare\u00bb btn_color=\u00bbgreen\u00bb btn_link=\u00bburl:http%3A%2F%2Ftabernaculo.net%2Fstore%2Fproduct%2Feduco%2F|||\u00bb]<\/p>\n<p>Cuando tu donas para el proyecto \u00abYO EDUCO\u00bb estas ayudando a estudiantes de escasos recursos a que puedan iniciar o continuar sus estudios.<\/p>\n<p>El programa \u00abYO EDUCO\u00bb es un programa de becas inclusivo que busca favorecer el acceso a la educaci\u00f3n media y superior, reconociendo en la juventud su talento, su compromiso acad\u00e9mico, social y deportivo.<\/p>\n<p>Con su donaci\u00f3n estar\u00e1s apoyando a j\u00f3venes para que puedan matricularse o continuar sus estudios en la instituci\u00f3n en donde se encuentran <strong>(educaci\u00f3n b\u00e1sica, media, superior y pastoral)<\/strong><\/p>\n<p>\u00a0<\/p>\n<p>[\/vc_cta][\/vc_column][\/vc_row]<\/p>","protected":false},"excerpt":{"rendered":"<p>[vc_row][vc_column][vc_column_text][\/vc_column_text][\/vc_column][\/vc_row][vc_row][vc_column][vc_cta h2=\u00bbCuando tu donas para el proyecto \u00abYO EDUCO\u00ab estas ayudando a estudiantes de escasos recursos a que puedan iniciar o continuar sus estudios.\u00bb add_button=\u00bbbottom\u00bb btn_title=\u00bbDonar\u00bb btn_shape=\u00bbsquare\u00bb btn_color=\u00bbgreen\u00bb btn_link=\u00bburl:http%3A%2F%2Ftabernaculo.net%2Fstore%2Fproduct%2Feduco%2F|||\u00bb] Cuando tu donas para el proyecto \u00abYO EDUCO\u00bb estas ayudando a estudiantes de escasos recursos a que puedan iniciar o continuar sus estudios. El programa \u00abYO &hellip; <br \/><a href=\"https:\/\/tabernaculo.net\/store\/educo\/\" class=\"more-link\">Continue reading <span class=\"screen-reader-text\">Yo Educo<\/span><\/a><\/p>\n","protected":false},"author":1,"featured_media":2793,"parent":0,"menu_order":0,"comment_status":"closed","ping_status":"closed","template":"","meta":{"footnotes":""},"class_list":["post-2766","page","type-page","status-publish","has-post-thumbnail","hentry"],"_links":{"self":[{"href":"https:\/\/tabernaculo.net\/store\/wp-json\/wp\/v2\/pages\/2766","targetHints":{"allow":["GET"]}}],"collection":[{"href":"https:\/\/tabernaculo.net\/store\/wp-json\/wp\/v2\/pages"}],"about":[{"href":"https:\/\/tabernaculo.net\/store\/wp-json\/wp\/v2\/types\/page"}],"author":[{"embeddable":true,"href":"https:\/\/tabernaculo.net\/store\/wp-json\/wp\/v2\/users\/1"}],"replies":[{"embeddable":true,"href":"https:\/\/tabernaculo.net\/store\/wp-json\/wp\/v2\/comments?post=2766"}],"version-history":[{"count":6,"href":"https:\/\/tabernaculo.net\/store\/wp-json\/wp\/v2\/pages\/2766\/revisions"}],"predecessor-version":[{"id":2924,"href":"https:\/\/tabernaculo.net\/store\/wp-json\/wp\/v2\/pages\/2766\/revisions\/2924"}],"wp:featuredmedia":[{"embeddable":true,"href":"https:\/\/tabernaculo.net\/store\/wp-json\/wp\/v2\/media\/2793"}],"wp:attachment":[{"href":"https:\/\/tabernaculo.net\/store\/wp-json\/wp\/v2\/media?parent=2766"}],"curies":[{"name":"wp","href":"https:\/\/api.w.org\/{rel}","templated":true}]}}