{"id":3,"date":"2018-10-05T02:00:03","date_gmt":"2018-10-05T02:00:03","guid":{"rendered":"http:\/\/192.168.1.209\/sneaker\/?page_id=3"},"modified":"2019-12-02T16:40:24","modified_gmt":"2019-12-02T16:40:24","slug":"politica-donacion","status":"publish","type":"page","link":"https:\/\/tabernaculo.net\/store\/politica-donacion\/","title":{"rendered":"Pol\u00edtica de Donaciones"},"content":{"rendered":"<p>[vc_row][vc_column][vc_column_text]<\/p>\n<p><b>POL\u00cdTICA<\/b><strong>\u00a0DE DONACIONES<\/strong><\/p>\n<p>La Misi\u00f3n Bautista Internacional de El Salvador podr\u00e1 solicitar informaci\u00f3n personal de sus donantes a trav\u00e9s de su sitio web para efectos administrativos. Por lo tanto, la utilizaci\u00f3n de nuestro sitio web supone que usted ha le\u00eddo y aceptado nuestras pol\u00edticas de donaciones y privacidad, as\u00ed como nuestros\u00a0<strong>T\u00e9rminos y Condiciones de Uso<\/strong>.<\/p>\n<p><strong>Donaci\u00f3n m\u00ednima<\/strong><\/p>\n<p>Los valores de las donaciones han sido asignados a cada uno de los proyectos, por lo que no tenemos un pol\u00edtica de donaci\u00f3n m\u00ednima.<\/p>\n<p><strong>Donaci\u00f3n M\u00e1xima<\/strong><\/p>\n<p>Le recordamos que toda donaci\u00f3n superior a los US$10.000 deber\u00e1 ser acompa\u00f1ada de documentaci\u00f3n detallando su lugar de procedencia, seg\u00fan las leyes vigentes de la Rep\u00fablica de El Salvador.<\/p>\n<p><strong>Cancelaciones \/Devoluciones<\/strong><\/p>\n<p>No se aceptan cancelaciones ni devoluciones en las donaciones, ofrendas o aportes a proyectos.<\/p>\n<p><strong>Donaciones recurrentes<\/strong><\/p>\n<p>Cuando Usted ingresa su informaci\u00f3n de tarjeta de cr\u00e9dito a nuestro sitio, la misma ser\u00e1 cargada una \u00fanica vez por el monto indicado en el formulario de donaci\u00f3n. Para establecer una donaci\u00f3n recurrente, por favor cont\u00e1ctenos.<\/p>\n<p><strong>Donaciones internacionales<\/strong><\/p>\n<p>Nuestra plataforma virtual nos permite aceptar donaciones provenientes de todo el mundo utilizando cualquiera de las tarjetas de cr\u00e9dito mayormente aceptadas.<\/p>\n<p><strong>Recibos\/Comprobantes de donaci\u00f3n<\/strong><\/p>\n<p>Una vez procesada su donaci\u00f3n, recibir\u00e1 un recibo digital en la direcci\u00f3n de correo electr\u00f3nico ingresada durante el proceso de inscripci\u00f3n. Si requiere un recibo f\u00edsico por motivos fiscales, por favor env\u00ede un correo con los datos de su donaci\u00f3n, si es primera vez y de nacionalidad salvadore\u00f1a favor enviar una copia de su NIT y\u00a0 con gusto se lo facilitaremos. Le recordamos que todas las donaciones hechas a la Misi\u00f3n Bautista Internacional de El Salvador pueden exonerarse del impuesto sobre la renta seg\u00fan el Ministerio de Hacienda de la Rep\u00fablica de El Salvador. En el caso de donaciones del exterior, el tratamiento fiscal queda relegado a las leyes de cada pa\u00eds.<\/p>\n<h2><span style=\"font-size: 16px; color: #191e23;\">.[\/vc_column_text][\/vc_column][\/vc_row]<\/span><\/h2>\n","protected":false},"excerpt":{"rendered":"<p>[vc_row][vc_column][vc_column_text] POL\u00cdTICA\u00a0DE DONACIONES La Misi\u00f3n Bautista Internacional de El Salvador podr\u00e1 solicitar informaci\u00f3n personal de sus donantes a trav\u00e9s de su sitio web para efectos administrativos. Por lo tanto, la utilizaci\u00f3n de nuestro sitio web supone que usted ha le\u00eddo y aceptado nuestras pol\u00edticas de donaciones y privacidad, as\u00ed como nuestros\u00a0T\u00e9rminos y Condiciones de Uso. &hellip; <br \/><a href=\"https:\/\/tabernaculo.net\/store\/politica-donacion\/\" class=\"more-link\">Continue reading <span class=\"screen-reader-text\">Pol\u00edtica de Donaciones<\/span><\/a><\/p>\n","protected":false},"author":1,"featured_media":0,"parent":0,"menu_order":0,"comment_status":"closed","ping_status":"open","template":"","meta":{"footnotes":""},"class_list":["post-3","page","type-page","status-publish","hentry"],"_links":{"self":[{"href":"https:\/\/tabernaculo.net\/store\/wp-json\/wp\/v2\/pages\/3","targetHints":{"allow":["GET"]}}],"collection":[{"href":"https:\/\/tabernaculo.net\/store\/wp-json\/wp\/v2\/pages"}],"about":[{"href":"https:\/\/tabernaculo.net\/store\/wp-json\/wp\/v2\/types\/page"}],"author":[{"embeddable":true,"href":"https:\/\/tabernaculo.net\/store\/wp-json\/wp\/v2\/users\/1"}],"replies":[{"embeddable":true,"href":"https:\/\/tabernaculo.net\/store\/wp-json\/wp\/v2\/comments?post=3"}],"version-history":[{"count":4,"href":"https:\/\/tabernaculo.net\/store\/wp-json\/wp\/v2\/pages\/3\/revisions"}],"predecessor-version":[{"id":3442,"href":"https:\/\/tabernaculo.net\/store\/wp-json\/wp\/v2\/pages\/3\/revisions\/3442"}],"wp:attachment":[{"href":"https:\/\/tabernaculo.net\/store\/wp-json\/wp\/v2\/media?parent=3"}],"curies":[{"name":"wp","href":"https:\/\/api.w.org\/{rel}","templated":true}]}}